{"id":93,"date":"2024-02-26T12:28:37","date_gmt":"2024-02-26T17:28:37","guid":{"rendered":"https:\/\/yogannmagazine.home.blog\/contact\/"},"modified":"2024-02-26T12:28:37","modified_gmt":"2024-02-26T17:28:37","slug":"contact","status":"publish","type":"page","link":"https:\/\/yogannmagazine.com\/ht\/contact\/","title":{"rendered":"Contact"},"content":{"rendered":"<div class=\"wp-block-group alignfull is-content-justification-center\" style=\"margin-top:0;margin-bottom:0;padding-top:calc( 0.5 * var(--wp--style--root--padding-right, var(--wp--custom--gap--horizontal)));padding-right:var(--wp--style--root--padding-right, var(--wp--custom--gap--horizontal));padding-bottom:calc( 0.5 * var(--wp--style--root--padding-right, var(--wp--custom--gap--horizontal)));padding-left:var(--wp--style--root--padding-left, var(--wp--custom--gap--horizontal))\"><div class=\"wp-block-group__inner-container is-layout-constrained wp-container-core-group-is-layout-2dc3bf18 wp-block-group-is-layout-constrained wp-container-core-group-is-layout-b073b61b\">\n<div style=\"height:var(--wp--preset--spacing--20)\" aria-hidden=\"true\" class=\"wp-block-spacer\"><\/div>\n\n\n\n<div class=\"wp-block-columns alignwide is-layout-flex wp-container-core-columns-is-layout-5556964c wp-block-columns-is-layout-flex wp-container-core-columns-is-layout-56f61851\">\n<div class=\"wp-block-column is-layout-flow wp-block-column-is-layout-flow\" style=\"flex-basis:50%\">\n<h2 class=\"wp-block-heading\">Contact<\/h2>\n<\/div>\n\n\n\n<div class=\"wp-block-column is-layout-flow wp-block-column-is-layout-flow\" style=\"flex-basis:50%\">\n<p class=\"wp-block-paragraph\">Welcome to a world of limitless possibilities, where the journey is as exhilarating as the destination, and where every moment is an opportunity to make your mark on the canvas of existence. The only limit is the extent of your imagination.<\/p>\n\n\n\n<div style=\"height:var(--wp--preset--spacing--30)\" aria-hidden=\"true\" class=\"wp-block-spacer\"><\/div>\n\n\n<div class=\"wp-block-jetpack-contact-form is-style-animated is-layout-flex wp-container-jetpack-contact-form-is-layout-7f6ac06e wp-block-jetpack-contact-form-is-layout-flex wp-container-jetpack-contact-form-is-layout-faa3ad1c\"><a href=\"https:\/\/yogannmagazine.com\/ht\/contact\/\" target=\"_blank\" rel=\"noopener noreferrer\">Submit a form.<\/a><\/div><\/div>\n<\/div>\n<\/div><\/div>\n\n\n\n<div style=\"height:var(--wp--preset--spacing--40)\" aria-hidden=\"true\" class=\"wp-block-spacer\"><\/div>\n\n\n\n<div class=\"wp-block-group alignfull has-background-color has-foreground-background-color has-text-color has-background has-link-color wp-elements-3acbdf61a434619d9308622251d9d063\" style=\"margin-top:0;margin-bottom:0;padding-top:0;padding-right:0;padding-bottom:0;padding-left:0\"><div class=\"wp-block-group__inner-container is-layout-flow wp-block-group-is-layout-flow\">\n<div class=\"wp-block-jetpack-map alignfull is-style-black_and_white\" data-map-id=\"jp-map-1\" data-map-provider=\"mapbox\" data-api-key=\"\" data-map-style=\"black_and_white\"><ul><li><a href=\"https:\/\/www.google.com\/maps\/search\/?api=1&amp;query=37.779380798339844,-122.4184341430664\" target=\"_blank\" rel=\"noopener\">San Francisco, CA, United States<\/a><\/li><\/ul><\/div>\n<\/div><\/div>","protected":false},"excerpt":{"rendered":"<p>Contact Welcome to a world of limitless possibilities, where the journey is as exhilarating as the destination, and where every moment is an opportunity to make your mark on the&hellip; <\/p>","protected":false},"author":1,"featured_media":0,"parent":0,"menu_order":0,"comment_status":"closed","ping_status":"closed","template":"","meta":{"googlesitekit_rrm_CAowqciiDA:productID":"","_gspb_post_css":"","_crdt_document":"","_uag_custom_page_level_css":"","footnotes":""},"class_list":["post-93","page","type-page","status-publish","hentry"],"uagb_featured_image_src":{"full":false,"thumbnail":false,"medium":false,"medium_large":false,"large":false,"1536x1536":false,"2048x2048":false,"trp-custom-language-flag":false},"uagb_author_info":{"display_name":"Jouvens Guelord","author_link":"https:\/\/yogannmagazine.com\/ht\/author\/yogannmag\/"},"uagb_comment_info":0,"uagb_excerpt":"Contact Welcome to a world of limitless possibilities, where the journey is as exhilarating as the destination, and where every moment is an opportunity to make your mark on the&hellip;","jetpack_sharing_enabled":true,"jetpack-related-posts":[{"id":305,"url":"https:\/\/yogannmagazine.com\/ht\/publicite\/","url_meta":{"origin":93,"position":0},"title":"PUBLICIT\u00c9","author":"Jouvens Guelord","date":"November 10, 2025","format":false,"excerpt":"Que vous soyez une petite entreprise ou une marque \u00e9tablie, nos solutions publicitaires sont con\u00e7ues pour vous offrir une visibilit\u00e9 optimale \u00e0 des tarifs comp\u00e9titifs.","rel":"","context":"Similar post","block_context":{"text":"Similar post","link":""},"img":{"alt_text":"","src":"https:\/\/i0.wp.com\/yogannmagazine.com\/wp-content\/uploads\/2025\/11\/img_0645.webp?resize=350%2C200&ssl=1","width":350,"height":200,"srcset":"https:\/\/i0.wp.com\/yogannmagazine.com\/wp-content\/uploads\/2025\/11\/img_0645.webp?resize=350%2C200&ssl=1 1x, https:\/\/i0.wp.com\/yogannmagazine.com\/wp-content\/uploads\/2025\/11\/img_0645.webp?resize=525%2C300&ssl=1 1.5x, https:\/\/i0.wp.com\/yogannmagazine.com\/wp-content\/uploads\/2025\/11\/img_0645.webp?resize=700%2C400&ssl=1 2x"},"classes":[]},{"id":2196,"url":"https:\/\/yogannmagazine.com\/ht\/politique-de-confidentialite\/","url_meta":{"origin":93,"position":1},"title":"Politique de Confidentialit\u00e9","author":"Jouvens Guelord","date":"November 10, 2025","format":false,"excerpt":"Politique de Confidentialit\u00e9 <p data-start=\"227\" data-end=\"509\">Chez <strong data-start=\"232\" data-end=\"251\">Yogann Magazine<\/strong>, la confidentialit\u00e9 de nos lecteurs et visiteurs est une priorit\u00e9. Cette politique de confidentialit\u00e9 d\u00e9crit comment nous collectons, utilisons, prot\u00e9geons et partageons vos informations personnelles lorsque vous consultez notre site <strong data-start=\"486\" data-end=\"508\">Yogannmagazine.com<\/strong>.<\/p><hr data-start=\"511\" data-end=\"514\" \/><h2 data-start=\"516\" data-end=\"558\"><strong data-start=\"519\" data-end=\"558\">1.\u2026","rel":"","context":"Similar post","block_context":{"text":"Similar post","link":""},"img":{"alt_text":"","src":"","width":0,"height":0},"classes":[]},{"id":2203,"url":"https:\/\/yogannmagazine.com\/ht\/conditions-dutilisation\/","url_meta":{"origin":93,"position":2},"title":"Conditions d\u2019Utilisation","author":"Jouvens Guelord","date":"November 10, 2025","format":false,"excerpt":"Bienvenue sur Yogannmagazine.com.En acc\u00e9dant \u00e0 notre site, vous acceptez pleinement les pr\u00e9sentes Conditions d\u2019Utilisation.Nous vous invitons \u00e0 les lire attentivement avant toute utilisation de nos services. 1. Objet du site Yogann Magazine est un m\u00e9dia en ligne d\u00e9di\u00e9 \u00e0 la culture, au bien-\u00eatre, \u00e0 la spiritualit\u00e9 et \u00e0 la soci\u00e9t\u00e9.Le\u2026","rel":"","context":"Similar post","block_context":{"text":"Similar post","link":""},"img":{"alt_text":"","src":"","width":0,"height":0},"classes":[]}],"jetpack_shortlink":"https:\/\/wp.me\/PcBeFB-1v","brizy_media":[],"_links":{"self":[{"href":"https:\/\/yogannmagazine.com\/ht\/wp-json\/wp\/v2\/pages\/93","targetHints":{"allow":["GET"]}}],"collection":[{"href":"https:\/\/yogannmagazine.com\/ht\/wp-json\/wp\/v2\/pages"}],"about":[{"href":"https:\/\/yogannmagazine.com\/ht\/wp-json\/wp\/v2\/types\/page"}],"author":[{"embeddable":true,"href":"https:\/\/yogannmagazine.com\/ht\/wp-json\/wp\/v2\/users\/1"}],"replies":[{"embeddable":true,"href":"https:\/\/yogannmagazine.com\/ht\/wp-json\/wp\/v2\/comments?post=93"}],"version-history":[{"count":0,"href":"https:\/\/yogannmagazine.com\/ht\/wp-json\/wp\/v2\/pages\/93\/revisions"}],"wp:attachment":[{"href":"https:\/\/yogannmagazine.com\/ht\/wp-json\/wp\/v2\/media?parent=93"}],"curies":[{"name":"wp","href":"https:\/\/api.w.org\/{rel}","templated":true}]}}