{"id":92,"date":"2024-02-26T12:28:37","date_gmt":"2024-02-26T17:28:37","guid":{"rendered":"https:\/\/yogannmagazine.home.blog\/a-propos\/"},"modified":"2026-01-09T12:57:21","modified_gmt":"2026-01-09T17:57:21","slug":"a-propos","status":"publish","type":"page","link":"https:\/\/yogannmagazine.com\/ht\/a-propos\/","title":{"rendered":"\u00c0 propos"},"content":{"rendered":"<div class=\"wp-block-group alignfull is-content-justification-center\" style=\"margin-top:0;margin-bottom:0;padding-top:calc( 0.5 * var(--wp--style--root--padding-right, var(--wp--custom--gap--horizontal)));padding-right:var(--wp--style--root--padding-right, var(--wp--custom--gap--horizontal));padding-bottom:calc( 0.5 * var(--wp--style--root--padding-right, var(--wp--custom--gap--horizontal)));padding-left:var(--wp--style--root--padding-left, var(--wp--custom--gap--horizontal))\"><div class=\"wp-block-group__inner-container is-layout-constrained wp-container-core-group-is-layout-2dc3bf18 wp-block-group-is-layout-constrained wp-container-core-group-is-layout-b073b61b\">\n<div style=\"height:calc( 0.25 * var(--wp--style--root--padding-right, var(--wp--custom--gap--horizontal)))\" aria-hidden=\"true\" class=\"wp-block-spacer\"><\/div>\n\n\n\n<div class=\"wp-block-columns alignwide is-layout-flex wp-container-core-columns-is-layout-8f761849 wp-block-columns-is-layout-flex wp-container-core-columns-is-layout-9d6595d7\">\n<div class=\"wp-block-column is-layout-flow wp-block-column-is-layout-flow\" style=\"flex-basis:50%\">\n<h2 class=\"wp-block-heading\" id=\"a-propos\">\u00c0 propos<\/h2>\n<\/div>\n\n\n\n<div class=\"wp-block-column is-layout-flow wp-block-column-is-layout-flow\" style=\"flex-basis:50%\">\n<p class=\"p1 wp-block-paragraph\">Yogann Magazine est une plateforme m\u00e9diatique ind\u00e9pendante d\u00e9di\u00e9e \u00e0 la culture, \u00e0 l\u2019art, \u00e0 la cr\u00e9ativit\u00e9 et \u00e0 la soci\u00e9t\u00e9 contemporaine ha\u00eftienne et carib\u00e9enne. \u00c0 travers nos articles, reportages, portraits et dossiers sp\u00e9ciaux, nous mettons en lumi\u00e8re les talents, les id\u00e9es et les initiatives qui fa\u00e7onnent notre \u00e9poque.<\/p>\n\n\n\n<p class=\"p1 wp-block-paragraph\">Fond\u00e9 avec la conviction que chaque voix m\u00e9rite d\u2019\u00eatre entendue, Yogann Magazine se veut un espace d\u2019expression libre et inspirant pour les artistes, entrepreneurs, penseurs, et passionn\u00e9s d\u2019art visuel, de musique, de mode, de photographie et de cr\u00e9ation.<\/p>\n\n\n\n<p class=\"p1 wp-block-paragraph\">Notre mission est simple : valoriser l\u2019excellence, stimuler la r\u00e9flexion et c\u00e9l\u00e9brer la diversit\u00e9 culturelle. Nous croyons au pouvoir de l\u2019image, du mot et de la cr\u00e9ativit\u00e9 comme moteurs de transformation sociale.<\/p>\n\n\n\n<p class=\"p1 wp-block-paragraph\">Yogann Magazine, c\u2019est aussi un m\u00e9dia de proximit\u00e9, ancr\u00e9 dans la r\u00e9alit\u00e9 ha\u00eftienne tout en gardant une ouverture sur le monde. Nous produisons des contenus authentiques, esth\u00e9tiques et engag\u00e9s, destin\u00e9s \u00e0 un public curieux, conscient et avide d\u2019inspiration.<\/p>\n<\/div>\n<\/div>\n\n\n\n<div style=\"height:calc( 0.25 * var(--wp--style--root--padding-right, var(--wp--custom--gap--horizontal)))\" aria-hidden=\"true\" class=\"wp-block-spacer\"><\/div>\n<\/div><\/div>\n\n\n\n<div class=\"wp-block-group alignfull is-content-justification-center\" style=\"margin-top:0;margin-bottom:0;padding-top:calc( 0.5 * var(--wp--style--root--padding-right, var(--wp--custom--gap--horizontal)));padding-right:var(--wp--style--root--padding-right, var(--wp--custom--gap--horizontal));padding-bottom:calc( 0.5 * var(--wp--style--root--padding-right, var(--wp--custom--gap--horizontal)));padding-left:var(--wp--style--root--padding-left, var(--wp--custom--gap--horizontal))\"><div class=\"wp-block-group__inner-container is-layout-constrained wp-container-core-group-is-layout-2dc3bf18 wp-block-group-is-layout-constrained wp-container-core-group-is-layout-b073b61b\">\n<div style=\"height:calc( 0.25 * var(--wp--style--root--padding-right, var(--wp--custom--gap--horizontal)))\" aria-hidden=\"true\" class=\"wp-block-spacer\"><\/div>\n\n\n\n<div class=\"wp-block-columns alignwide is-layout-flex wp-container-core-columns-is-layout-8f761849 wp-block-columns-is-layout-flex wp-container-core-columns-is-layout-9d6595d7\">\n<div class=\"wp-block-column is-layout-flow wp-block-column-is-layout-flow\">\n<h3 class=\"wp-block-heading has-medium-font-size\" id=\"notre-histoire\">Notre Histoire<\/h3>\n\n\n\n<p class=\"p1 wp-block-paragraph\">Fond\u00e9 le 15 juillet 2017, Yogann Magazine est n\u00e9 du r\u00eave de cr\u00e9er une plateforme culturelle o\u00f9 l\u2019art, la cr\u00e9ativit\u00e9 et les talents ha\u00eftiens pourraient s\u2019exprimer librement. Con\u00e7u par Juvens Graphics, photographe, graphiste et entrepreneur passionn\u00e9, le magazine s\u2019est rapidement impos\u00e9 comme un m\u00e9dia ind\u00e9pendant d\u00e9di\u00e9 \u00e0 la valorisation de la culture, de l\u2019innovation et de la jeunesse cr\u00e9ative.<\/p>\n\n\n\n<p class=\"p1 wp-block-paragraph\">D\u00e8s ses d\u00e9buts, Yogann Magazine s\u2019est distingu\u00e9 par sa capacit\u00e9 \u00e0 transformer la vision artistique en actions concr\u00e8tes.<\/p>\n\n\n\n<p class=\"p1 wp-block-paragraph\">En 2018, le magazine a organis\u00e9 sa premi\u00e8re c\u00e9r\u00e9monie d\u2019Awards, un \u00e9v\u00e9nement in\u00e9dit \u00e0 L\u00e9og\u00e2ne, visant \u00e0 honorer les personnalit\u00e9s influentes de la commune: artistes, entrepreneurs, leaders communautaires et jeunes inspirants. Cet \u00e9v\u00e9nement a marqu\u00e9 un tournant dans la reconnaissance locale des initiatives culturelles et sociales.<\/p>\n\n\n\n<p class=\"p1 wp-block-paragraph\">L\u2019ann\u00e9e suivante, en 2019, le magazine a poursuivi son engagement envers la jeunesse \u00e0 travers l\u2019organisation de la comp\u00e9tition de danse urbaine \u201cLet\u2019s Dance Competition\u201d, une sc\u00e8ne vibrante o\u00f9 des danseurs venus de diff\u00e9rentes zones ont pu exprimer leur talent et leur cr\u00e9ativit\u00e9. Cet \u00e9v\u00e9nement a renforc\u00e9 la mission du m\u00e9dia : cr\u00e9er des espaces d\u2019expression et d\u2019opportunit\u00e9 pour les jeunes.<\/p>\n\n\n\n<p class=\"p1 wp-block-paragraph\"><\/p>\n\n\n<div class=\"tnp tnp-subscription\">\n<form method=\"post\" action=\"https:\/\/yogannmagazine.com\/wp-admin\/admin-ajax.php?action=tnp&amp;na=s\">\n<input type=\"hidden\" name=\"nlang\" value=\"\">\n<div class=\"tnp-field tnp-field-firstname\"><label for=\"tnp-1\">First name<\/label>\n<input class=\"tnp-name\" type=\"text\" name=\"nn\" id=\"tnp-1\" value=\"\" placeholder=\"\"><\/div>\n<div class=\"tnp-field tnp-field-email\"><label for=\"tnp-2\">Email<\/label>\n<input class=\"tnp-email\" type=\"email\" name=\"ne\" id=\"tnp-2\" value=\"\" placeholder=\"\" required><\/div>\n<div class=\"tnp-field tnp-field-gender\"><label for=\"tnp-3\">I&#039;m<\/label>\n<select name=\"nx\" class=\"tnp-gender\" id=\"tnp-gender\"><option value=\"n\">Not specified<\/option><option value=\"f\">Woman<\/option><option value=\"m\">Man<\/option><\/select><\/div>\n<div class=\"tnp-field tnp-privacy-field\"><label><input type=\"checkbox\" name=\"ny\" required class=\"tnp-privacy\"> <a target=\"_blank\" href=\"https:\/\/yogannmagazine.com\/ht\/politique-de-confidentialite\/\">I accept the privacy policy<\/a><\/label><\/div><div class=\"tnp-field tnp-field-button\" style=\"text-align: left\"><input class=\"tnp-submit\" type=\"submit\" value=\"Subscribe\" style=\"\">\n<\/div>\n<\/form>\n<\/div>\n\n\n\n\n<p class=\"p1 wp-block-paragraph\"><\/p>\n\n\n\n<div style=\"height:calc( 0.25 * var(--wp--style--root--padding-right, var(--wp--custom--gap--horizontal)))\" aria-hidden=\"true\" class=\"wp-block-spacer\"><\/div>\n<\/div>\n<\/div>\n\n\n\n<div style=\"height:calc( 0.25 * var(--wp--style--root--padding-right, var(--wp--custom--gap--horizontal)))\" aria-hidden=\"true\" class=\"wp-block-spacer\"><\/div>\n<\/div><\/div>\n\n\n\n<div class=\"wp-block-group alignfull is-content-justification-center\" style=\"margin-top:0;margin-bottom:0;padding-top:calc( 0.5 * var(--wp--style--root--padding-right, var(--wp--custom--gap--horizontal)));padding-right:var(--wp--style--root--padding-right, var(--wp--custom--gap--horizontal));padding-bottom:calc( 0.5 * var(--wp--style--root--padding-right, var(--wp--custom--gap--horizontal)));padding-left:var(--wp--style--root--padding-left, var(--wp--custom--gap--horizontal))\"><div class=\"wp-block-group__inner-container is-layout-constrained wp-container-core-group-is-layout-2dc3bf18 wp-block-group-is-layout-constrained wp-container-core-group-is-layout-b073b61b\">\n<div style=\"height:calc( 0.25 * var(--wp--style--root--padding-right, var(--wp--custom--gap--horizontal)))\" aria-hidden=\"true\" class=\"wp-block-spacer\"><\/div>\n\n\n\n<div class=\"wp-block-columns alignwide is-layout-flex wp-container-core-columns-is-layout-8f761849 wp-block-columns-is-layout-flex wp-container-core-columns-is-layout-9d6595d7\">\n<div class=\"wp-block-column is-vertically-aligned-center is-layout-flow wp-block-column-is-layout-flow\">\n<h2 class=\"wp-block-heading\" id=\"explorer-une-multitude-de-possibilites\">Explorer une multitude de possibilit\u00e9s<\/h2>\n\n\n\n<p class=\"wp-block-paragraph\">Au fil des ann\u00e9es, Yogann Magazine est devenu plus qu\u2019un simple m\u00e9dia : c\u2019est une communaut\u00e9 de cr\u00e9ateurs, de r\u00eaveurs et de passionn\u00e9s. \u00c0 travers ses articles, ses couvertures culturelles et ses projets artistiques, le magazine continue de mettre en lumi\u00e8re la richesse de la culture ha\u00eftienne, la beaut\u00e9 des traditions, et l\u2019\u00e9nergie de la modernit\u00e9.<\/p>\n\n\n\n<div class=\"wp-block-buttons is-layout-flex wp-block-buttons-is-layout-flex\">\n<div class=\"wp-block-button\"><a class=\"wp-block-button__link wp-element-button\">Commencer<\/a><\/div>\n<\/div>\n<\/div>\n<\/div>\n\n\n\n<div style=\"height:calc( 0.25 * var(--wp--style--root--padding-right, var(--wp--custom--gap--horizontal)))\" aria-hidden=\"true\" class=\"wp-block-spacer\"><\/div>\n<\/div><\/div>","protected":false},"excerpt":{"rendered":"<p>\u00c0 propos Yogann Magazine est une plateforme m\u00e9diatique ind\u00e9pendante d\u00e9di\u00e9e \u00e0 la culture, \u00e0 l\u2019art, \u00e0 la cr\u00e9ativit\u00e9 et \u00e0 la soci\u00e9t\u00e9 contemporaine ha\u00eftienne et carib\u00e9enne. \u00c0 travers nos articles,&hellip; <\/p>","protected":false},"author":1,"featured_media":0,"parent":0,"menu_order":0,"comment_status":"closed","ping_status":"closed","template":"","meta":{"googlesitekit_rrm_CAowqciiDA:productID":"","_gspb_post_css":"","_crdt_document":"","_uag_custom_page_level_css":"","footnotes":""},"class_list":["post-92","page","type-page","status-publish","hentry"],"uagb_featured_image_src":{"full":false,"thumbnail":false,"medium":false,"medium_large":false,"large":false,"1536x1536":false,"2048x2048":false,"trp-custom-language-flag":false},"uagb_author_info":{"display_name":"Jouvens Guelord","author_link":"https:\/\/yogannmagazine.com\/ht\/author\/yogannmag\/"},"uagb_comment_info":0,"uagb_excerpt":"\u00c0 propos Yogann Magazine est une plateforme m\u00e9diatique ind\u00e9pendante d\u00e9di\u00e9e \u00e0 la culture, \u00e0 l\u2019art, \u00e0 la cr\u00e9ativit\u00e9 et \u00e0 la soci\u00e9t\u00e9 contemporaine ha\u00eftienne et carib\u00e9enne. \u00c0 travers nos articles,&hellip;","jetpack_sharing_enabled":true,"jetpack-related-posts":[{"id":2203,"url":"https:\/\/yogannmagazine.com\/ht\/conditions-dutilisation\/","url_meta":{"origin":92,"position":0},"title":"Conditions d\u2019Utilisation","author":"Jouvens Guelord","date":"November 10, 2025","format":false,"excerpt":"Bienvenue sur Yogannmagazine.com.En acc\u00e9dant \u00e0 notre site, vous acceptez pleinement les pr\u00e9sentes Conditions d\u2019Utilisation.Nous vous invitons \u00e0 les lire attentivement avant toute utilisation de nos services. 1. Objet du site Yogann Magazine est un m\u00e9dia en ligne d\u00e9di\u00e9 \u00e0 la culture, au bien-\u00eatre, \u00e0 la spiritualit\u00e9 et \u00e0 la soci\u00e9t\u00e9.Le\u2026","rel":"","context":"Similar post","block_context":{"text":"Similar post","link":""},"img":{"alt_text":"","src":"","width":0,"height":0},"classes":[]},{"id":305,"url":"https:\/\/yogannmagazine.com\/ht\/publicite\/","url_meta":{"origin":92,"position":1},"title":"PUBLICIT\u00c9","author":"Jouvens Guelord","date":"November 10, 2025","format":false,"excerpt":"Que vous soyez une petite entreprise ou une marque \u00e9tablie, nos solutions publicitaires sont con\u00e7ues pour vous offrir une visibilit\u00e9 optimale \u00e0 des tarifs comp\u00e9titifs.","rel":"","context":"Similar post","block_context":{"text":"Similar post","link":""},"img":{"alt_text":"","src":"https:\/\/i0.wp.com\/yogannmagazine.com\/wp-content\/uploads\/2025\/11\/img_0645.webp?resize=350%2C200&ssl=1","width":350,"height":200,"srcset":"https:\/\/i0.wp.com\/yogannmagazine.com\/wp-content\/uploads\/2025\/11\/img_0645.webp?resize=350%2C200&ssl=1 1x, https:\/\/i0.wp.com\/yogannmagazine.com\/wp-content\/uploads\/2025\/11\/img_0645.webp?resize=525%2C300&ssl=1 1.5x, https:\/\/i0.wp.com\/yogannmagazine.com\/wp-content\/uploads\/2025\/11\/img_0645.webp?resize=700%2C400&ssl=1 2x"},"classes":[]},{"id":2196,"url":"https:\/\/yogannmagazine.com\/ht\/politique-de-confidentialite\/","url_meta":{"origin":92,"position":2},"title":"Politique de Confidentialit\u00e9","author":"Jouvens Guelord","date":"November 10, 2025","format":false,"excerpt":"Politique de Confidentialit\u00e9 <p data-start=\"227\" data-end=\"509\">Chez <strong data-start=\"232\" data-end=\"251\">Yogann Magazine<\/strong>, la confidentialit\u00e9 de nos lecteurs et visiteurs est une priorit\u00e9. Cette politique de confidentialit\u00e9 d\u00e9crit comment nous collectons, utilisons, prot\u00e9geons et partageons vos informations personnelles lorsque vous consultez notre site <strong data-start=\"486\" data-end=\"508\">Yogannmagazine.com<\/strong>.<\/p><hr data-start=\"511\" data-end=\"514\" \/><h2 data-start=\"516\" data-end=\"558\"><strong data-start=\"519\" data-end=\"558\">1.\u2026","rel":"","context":"Similar post","block_context":{"text":"Similar post","link":""},"img":{"alt_text":"","src":"","width":0,"height":0},"classes":[]}],"jetpack_shortlink":"https:\/\/wp.me\/PcBeFB-1u","brizy_media":[],"_links":{"self":[{"href":"https:\/\/yogannmagazine.com\/ht\/wp-json\/wp\/v2\/pages\/92","targetHints":{"allow":["GET"]}}],"collection":[{"href":"https:\/\/yogannmagazine.com\/ht\/wp-json\/wp\/v2\/pages"}],"about":[{"href":"https:\/\/yogannmagazine.com\/ht\/wp-json\/wp\/v2\/types\/page"}],"author":[{"embeddable":true,"href":"https:\/\/yogannmagazine.com\/ht\/wp-json\/wp\/v2\/users\/1"}],"replies":[{"embeddable":true,"href":"https:\/\/yogannmagazine.com\/ht\/wp-json\/wp\/v2\/comments?post=92"}],"version-history":[{"count":2,"href":"https:\/\/yogannmagazine.com\/ht\/wp-json\/wp\/v2\/pages\/92\/revisions"}],"predecessor-version":[{"id":2384,"href":"https:\/\/yogannmagazine.com\/ht\/wp-json\/wp\/v2\/pages\/92\/revisions\/2384"}],"wp:attachment":[{"href":"https:\/\/yogannmagazine.com\/ht\/wp-json\/wp\/v2\/media?parent=92"}],"curies":[{"name":"wp","href":"https:\/\/api.w.org\/{rel}","templated":true}]}}