{"id":2196,"date":"2025-11-10T10:10:58","date_gmt":"2025-11-10T15:10:58","guid":{"rendered":"https:\/\/yogannmagazine.com\/?page_id=2196"},"modified":"2025-11-10T10:23:09","modified_gmt":"2025-11-10T15:23:09","slug":"politique-de-confidentialite","status":"publish","type":"page","link":"https:\/\/yogannmagazine.com\/ht\/politique-de-confidentialite\/","title":{"rendered":"Politique de Confidentialit\u00e9"},"content":{"rendered":"<div data-elementor-type=\"wp-page\" data-elementor-id=\"2196\" class=\"elementor elementor-2196\">\n\t\t\t\t<div class=\"elementor-element elementor-element-1d1e551 e-flex e-con-boxed wpr-particle-no wpr-jarallax-no wpr-parallax-no wpr-sticky-section-no wpr-column-slider-no wpr-equal-height-no e-con e-parent\" data-id=\"1d1e551\" data-element_type=\"container\" data-e-type=\"container\">\n\t\t\t\t\t<div class=\"e-con-inner\">\n\t\t\t\t<div class=\"elementor-element elementor-element-f8cd602 elementor-widget elementor-widget-heading\" data-id=\"f8cd602\" data-element_type=\"widget\" data-e-type=\"widget\" data-widget_type=\"heading.default\">\n\t\t\t\t\t<h2 class=\"elementor-heading-title elementor-size-default\">Politique de Confidentialit\u00e9<\/h2>\t\t\t\t<\/div>\n\t\t\t\t\t<\/div>\n\t\t\t\t<\/div>\n\t\t<div class=\"elementor-element elementor-element-75ef7a3 e-flex e-con-boxed wpr-particle-no wpr-jarallax-no wpr-parallax-no wpr-sticky-section-no wpr-column-slider-no wpr-equal-height-no e-con e-parent\" data-id=\"75ef7a3\" data-element_type=\"container\" data-e-type=\"container\">\n\t\t\t\t\t<div class=\"e-con-inner\">\n\t\t\t\t<div class=\"elementor-element elementor-element-e1cebd3 elementor-widget elementor-widget-text-editor\" data-id=\"e1cebd3\" data-element_type=\"widget\" data-e-type=\"widget\" data-widget_type=\"text-editor.default\">\n\t\t\t\t\t\t\t\t\t<p data-start=\"227\" data-end=\"509\">Chez <strong data-start=\"232\" data-end=\"251\">Yogann Magazine<\/strong>, la confidentialit\u00e9 de nos lecteurs et visiteurs est une priorit\u00e9. Cette politique de confidentialit\u00e9 d\u00e9crit comment nous collectons, utilisons, prot\u00e9geons et partageons vos informations personnelles lorsque vous consultez notre site <strong data-start=\"486\" data-end=\"508\">Yogannmagazine.com<\/strong>.<\/p><hr data-start=\"511\" data-end=\"514\" \/><h2 data-start=\"516\" data-end=\"558\"><strong data-start=\"519\" data-end=\"558\">1. Informations que nous collectons<\/strong><\/h2><p data-start=\"560\" data-end=\"687\">Nous collectons uniquement les donn\u00e9es n\u00e9cessaires \u00e0 la bonne utilisation de notre site et \u00e0 l\u2019am\u00e9lioration de nos services :<\/p><ul data-start=\"688\" data-end=\"1201\"><li data-start=\"688\" data-end=\"857\"><p data-start=\"690\" data-end=\"857\"><strong data-start=\"690\" data-end=\"738\">Donn\u00e9es personnelles fournies volontairement<\/strong> : nom, pr\u00e9nom, adresse e-mail, lorsque vous vous abonnez \u00e0 notre newsletter, commentez un article ou nous contactez.<\/p><\/li><li data-start=\"858\" data-end=\"1076\"><p data-start=\"860\" data-end=\"1076\"><strong data-start=\"860\" data-end=\"882\">Donn\u00e9es techniques<\/strong> : adresse IP, type de navigateur, syst\u00e8me d\u2019exploitation, pages consult\u00e9es, dur\u00e9e de la visite recueillies automatiquement \u00e0 des fins statistiques via des outils comme <strong data-start=\"1053\" data-end=\"1073\">Google Analytics<\/strong>.<\/p><\/li><li data-start=\"1077\" data-end=\"1201\"><p data-start=\"1079\" data-end=\"1201\"><strong data-start=\"1079\" data-end=\"1117\">Cookies et technologies similaires<\/strong> : pour am\u00e9liorer votre exp\u00e9rience, m\u00e9moriser vos pr\u00e9f\u00e9rences et mesurer l\u2019audience.<\/p><\/li><\/ul><hr data-start=\"1203\" data-end=\"1206\" \/><h2 data-start=\"1208\" data-end=\"1246\"><strong data-start=\"1211\" data-end=\"1246\">2. Utilisation des informations<\/strong><\/h2><p data-start=\"1248\" data-end=\"1294\">Les donn\u00e9es collect\u00e9es sont utilis\u00e9es pour :<\/p><ul data-start=\"1295\" data-end=\"1535\"><li data-start=\"1295\" data-end=\"1337\"><p data-start=\"1297\" data-end=\"1337\">G\u00e9rer les abonnements \u00e0 la newsletter.<\/p><\/li><li data-start=\"1338\" data-end=\"1378\"><p data-start=\"1340\" data-end=\"1378\">R\u00e9pondre \u00e0 vos messages et demandes.<\/p><\/li><li data-start=\"1379\" data-end=\"1432\"><p data-start=\"1381\" data-end=\"1432\">Am\u00e9liorer le contenu et l\u2019exp\u00e9rience utilisateur.<\/p><\/li><li data-start=\"1433\" data-end=\"1484\"><p data-start=\"1435\" data-end=\"1484\">Analyser le trafic et les performances du site.<\/p><\/li><li data-start=\"1485\" data-end=\"1535\"><p data-start=\"1487\" data-end=\"1535\">Pr\u00e9venir les activit\u00e9s frauduleuses ou abusives.<\/p><\/li><\/ul><hr data-start=\"1537\" data-end=\"1540\" \/><h2 data-start=\"1542\" data-end=\"1571\"><strong data-start=\"1545\" data-end=\"1571\">3. Partage des donn\u00e9es<\/strong><\/h2><p data-start=\"1573\" data-end=\"1683\">Nous ne vendons ni ne louons vos donn\u00e9es personnelles.<br data-start=\"1627\" data-end=\"1630\" \/>Nous pouvons partager certaines informations avec :<\/p><ul data-start=\"1684\" data-end=\"1858\"><li data-start=\"1684\" data-end=\"1803\"><p data-start=\"1686\" data-end=\"1803\"><strong data-start=\"1686\" data-end=\"1714\">Prestataires de services<\/strong> (h\u00e9bergeur, outils d\u2019analyse, services de mailing) pour le bon fonctionnement du site.<\/p><\/li><li data-start=\"1804\" data-end=\"1858\"><p data-start=\"1806\" data-end=\"1858\"><strong data-start=\"1806\" data-end=\"1827\">Autorit\u00e9s l\u00e9gales<\/strong>, uniquement si la loi l\u2019exige.<\/p><\/li><\/ul><p data-start=\"1860\" data-end=\"1954\">Tous nos partenaires sont tenus de respecter la confidentialit\u00e9 et la s\u00e9curit\u00e9 de vos donn\u00e9es.<\/p><hr data-start=\"1956\" data-end=\"1959\" \/><h2 data-start=\"1961\" data-end=\"1978\"><strong data-start=\"1964\" data-end=\"1978\">4. Cookies<\/strong><\/h2><p data-start=\"1980\" data-end=\"2039\">Le site <strong data-start=\"1988\" data-end=\"2010\">Yogannmagazine.com<\/strong> utilise des cookies pour :<\/p><ul data-start=\"2040\" data-end=\"2203\"><li data-start=\"2040\" data-end=\"2086\"><p data-start=\"2042\" data-end=\"2086\">Sauvegarder vos pr\u00e9f\u00e9rences de navigation.<\/p><\/li><li data-start=\"2087\" data-end=\"2133\"><p data-start=\"2089\" data-end=\"2133\">\u00c9tablir des statistiques de fr\u00e9quentation.<\/p><\/li><li data-start=\"2134\" data-end=\"2203\"><p data-start=\"2136\" data-end=\"2203\">Diffuser des contenus et publicit\u00e9s personnalis\u00e9s (le cas \u00e9ch\u00e9ant).<\/p><\/li><\/ul><p data-start=\"2205\" data-end=\"2294\">Vous pouvez d\u00e9sactiver les cookies dans les param\u00e8tres de votre navigateur \u00e0 tout moment.<\/p><hr data-start=\"2296\" data-end=\"2299\" \/><h2 data-start=\"2301\" data-end=\"2331\"><strong data-start=\"2304\" data-end=\"2331\">5. S\u00e9curit\u00e9 des donn\u00e9es<\/strong><\/h2><p data-start=\"2333\" data-end=\"2590\">Nous mettons en place des mesures techniques et organisationnelles pour prot\u00e9ger vos informations contre tout acc\u00e8s, modification ou divulgation non autoris\u00e9s.<br data-start=\"2492\" data-end=\"2495\" \/>Cependant, aucun syst\u00e8me n\u2019\u00e9tant totalement s\u00fbr, nous ne pouvons garantir une s\u00e9curit\u00e9 absolue.<\/p><hr data-start=\"2592\" data-end=\"2595\" \/><h2 data-start=\"2597\" data-end=\"2617\"><strong data-start=\"2600\" data-end=\"2617\">6. Vos droits<\/strong><\/h2><p data-start=\"2619\" data-end=\"2715\">Conform\u00e9ment au <strong data-start=\"2635\" data-end=\"2693\">R\u00e8glement G\u00e9n\u00e9ral sur la Protection des Donn\u00e9es (RGPD)<\/strong>, vous disposez de :<\/p><ul data-start=\"2716\" data-end=\"2913\"><li data-start=\"2716\" data-end=\"2800\"><p data-start=\"2718\" data-end=\"2800\">Un <strong data-start=\"2721\" data-end=\"2738\">droit d\u2019acc\u00e8s<\/strong>, de <strong data-start=\"2743\" data-end=\"2760\">rectification<\/strong> et de <strong data-start=\"2767\" data-end=\"2782\">suppression<\/strong> de vos donn\u00e9es.<\/p><\/li><li data-start=\"2801\" data-end=\"2865\"><p data-start=\"2803\" data-end=\"2865\">Un <strong data-start=\"2806\" data-end=\"2828\">droit d\u2019opposition<\/strong> au traitement de vos informations.<\/p><\/li><li data-start=\"2866\" data-end=\"2913\"><p data-start=\"2868\" data-end=\"2913\">Un <strong data-start=\"2871\" data-end=\"2895\">droit de portabilit\u00e9<\/strong> de vos donn\u00e9es.<\/p><\/li><\/ul><p data-start=\"2915\" data-end=\"2989\">Pour exercer ces droits, contactez-nous \u00e0 : <strong data-start=\"2959\" data-end=\"2989\"><a rel=\"noopener\" data-start=\"2961\" data-end=\"2987\">yogannpromo@gmail.com<\/a><\/strong><\/p><hr data-start=\"2991\" data-end=\"2994\" \/><h2 data-start=\"2996\" data-end=\"3027\"><strong data-start=\"2999\" data-end=\"3027\">7. Dur\u00e9e de conservation<\/strong><\/h2><p data-start=\"3029\" data-end=\"3186\">Vos donn\u00e9es sont conserv\u00e9es uniquement le temps n\u00e9cessaire \u00e0 la finalit\u00e9 pour laquelle elles ont \u00e9t\u00e9 collect\u00e9es ou pour se conformer \u00e0 une obligation l\u00e9gale.<\/p><hr data-start=\"3188\" data-end=\"3191\" \/><h2 data-start=\"3193\" data-end=\"3217\"><strong data-start=\"3196\" data-end=\"3217\">8. Liens externes<\/strong><\/h2><p data-start=\"3219\" data-end=\"3430\">Notre site peut contenir des liens vers d\u2019autres sites. Nous ne sommes pas responsables des pratiques de confidentialit\u00e9 de ces sites externes. Nous vous invitons \u00e0 consulter leurs politiques de confidentialit\u00e9.<\/p><hr data-start=\"3432\" data-end=\"3435\" \/><h2 data-start=\"3437\" data-end=\"3476\"><strong data-start=\"3440\" data-end=\"3476\">9. Modifications de la politique<\/strong><\/h2><p data-start=\"3478\" data-end=\"3626\">Nous nous r\u00e9servons le droit de modifier cette politique \u00e0 tout moment.<br data-start=\"3549\" data-end=\"3552\" \/>Les changements seront publi\u00e9s sur cette page avec la date de mise \u00e0 jour.<\/p><hr data-start=\"3628\" data-end=\"3631\" \/><h2 data-start=\"3633\" data-end=\"3651\"><strong data-start=\"3636\" data-end=\"3651\">10. Contact<\/strong><\/h2><p data-start=\"3653\" data-end=\"3786\">Pour toute question concernant cette politique de confidentialit\u00e9, vous pouvez nous contacter \u00e0 :<br data-start=\"3750\" data-end=\"3753\" \/><img decoding=\"async\" class=\"\" role=\"img\" draggable=\"false\" src=\"https:\/\/s.w.org\/images\/core\/emoji\/16.0.1\/svg\/1f4e9.svg\" alt=\"\ud83d\udce9\" width=\"21\" height=\"21\" title=\"\"> <strong data-start=\"3756\" data-end=\"3786\"><a rel=\"noopener\" data-start=\"3758\" data-end=\"3784\">yogannpromo@gmail.com<\/a><\/strong><\/p>\t\t\t\t\t\t\t\t<\/div>\n\t\t\t\t\t<\/div>\n\t\t\t\t<\/div>\n\t\t\t\t<\/div>","protected":false},"excerpt":{"rendered":"<p>Politique de Confidentialit&eacute; &lt;p data-start=&quot;&rdquo;227&Prime;&quot; data-end=&quot;&rdquo;509&Prime;&quot;&gt;Chez &lt;strong data-start=&quot;&rdquo;232&Prime;&quot; data-end=&quot;&rdquo;251&Prime;&quot;&gt;Yogann Magazine&lt;\/strong&gt;, la confidentialit&eacute; de nos lecteurs et visiteurs est une priorit&eacute;. Cette politique de confidentialit&eacute; d&eacute;crit comment nous collectons, utilisons, prot&eacute;geons&hellip; <\/p>","protected":false},"author":1,"featured_media":0,"parent":0,"menu_order":0,"comment_status":"closed","ping_status":"closed","template":"","meta":{"googlesitekit_rrm_CAowqciiDA:productID":"","_gspb_post_css":"","_crdt_document":"","_uag_custom_page_level_css":"","footnotes":""},"class_list":["post-2196","page","type-page","status-publish","hentry"],"uagb_featured_image_src":{"full":false,"thumbnail":false,"medium":false,"medium_large":false,"large":false,"1536x1536":false,"2048x2048":false,"trp-custom-language-flag":false},"uagb_author_info":{"display_name":"Jouvens Guelord","author_link":"https:\/\/yogannmagazine.com\/ht\/author\/yogannmag\/"},"uagb_comment_info":0,"uagb_excerpt":"Politique de Confidentialit\u00e9 &lt;p data-start=\"227\" data-end=\"509\"&gt;Chez &lt;strong data-start=\"232\" data-end=\"251\"&gt;Yogann Magazine&lt;\/strong&gt;, la confidentialit\u00e9 de nos lecteurs et visiteurs est une priorit\u00e9. Cette politique de confidentialit\u00e9 d\u00e9crit comment nous collectons, utilisons, prot\u00e9geons&hellip;","jetpack_sharing_enabled":true,"jetpack-related-posts":[{"id":2203,"url":"https:\/\/yogannmagazine.com\/ht\/conditions-dutilisation\/","url_meta":{"origin":2196,"position":0},"title":"Conditions d\u2019Utilisation","author":"Jouvens Guelord","date":"November 10, 2025","format":false,"excerpt":"Bienvenue sur Yogannmagazine.com.En acc\u00e9dant \u00e0 notre site, vous acceptez pleinement les pr\u00e9sentes Conditions d\u2019Utilisation.Nous vous invitons \u00e0 les lire attentivement avant toute utilisation de nos services. 1. Objet du site Yogann Magazine est un m\u00e9dia en ligne d\u00e9di\u00e9 \u00e0 la culture, au bien-\u00eatre, \u00e0 la spiritualit\u00e9 et \u00e0 la soci\u00e9t\u00e9.Le\u2026","rel":"","context":"Similar post","block_context":{"text":"Similar post","link":""},"img":{"alt_text":"","src":"","width":0,"height":0},"classes":[]},{"id":305,"url":"https:\/\/yogannmagazine.com\/ht\/publicite\/","url_meta":{"origin":2196,"position":1},"title":"PUBLICIT\u00c9","author":"Jouvens Guelord","date":"November 10, 2025","format":false,"excerpt":"Que vous soyez une petite entreprise ou une marque \u00e9tablie, nos solutions publicitaires sont con\u00e7ues pour vous offrir une visibilit\u00e9 optimale \u00e0 des tarifs comp\u00e9titifs.","rel":"","context":"Similar post","block_context":{"text":"Similar post","link":""},"img":{"alt_text":"","src":"https:\/\/i0.wp.com\/yogannmagazine.com\/wp-content\/uploads\/2025\/11\/img_0645.webp?resize=350%2C200&ssl=1","width":350,"height":200,"srcset":"https:\/\/i0.wp.com\/yogannmagazine.com\/wp-content\/uploads\/2025\/11\/img_0645.webp?resize=350%2C200&ssl=1 1x, https:\/\/i0.wp.com\/yogannmagazine.com\/wp-content\/uploads\/2025\/11\/img_0645.webp?resize=525%2C300&ssl=1 1.5x, https:\/\/i0.wp.com\/yogannmagazine.com\/wp-content\/uploads\/2025\/11\/img_0645.webp?resize=700%2C400&ssl=1 2x"},"classes":[]},{"id":92,"url":"https:\/\/yogannmagazine.com\/ht\/a-propos\/","url_meta":{"origin":2196,"position":2},"title":"\u00c0 propos","author":"Jouvens Guelord","date":"February 26, 2024","format":false,"excerpt":"\u00c0 propos Yogann Magazine est une plateforme m\u00e9diatique ind\u00e9pendante d\u00e9di\u00e9e \u00e0 la culture, \u00e0 l\u2019art, \u00e0 la cr\u00e9ativit\u00e9 et \u00e0 la soci\u00e9t\u00e9 contemporaine ha\u00eftienne et carib\u00e9enne. \u00c0 travers nos articles, reportages, portraits et dossiers sp\u00e9ciaux, nous mettons en lumi\u00e8re les talents, les id\u00e9es et les initiatives qui fa\u00e7onnent notre \u00e9poque.\u2026","rel":"","context":"Similar post","block_context":{"text":"Similar post","link":""},"img":{"alt_text":"","src":"","width":0,"height":0},"classes":[]}],"jetpack_shortlink":"https:\/\/wp.me\/PcBeFB-zq","brizy_media":[],"_links":{"self":[{"href":"https:\/\/yogannmagazine.com\/ht\/wp-json\/wp\/v2\/pages\/2196","targetHints":{"allow":["GET"]}}],"collection":[{"href":"https:\/\/yogannmagazine.com\/ht\/wp-json\/wp\/v2\/pages"}],"about":[{"href":"https:\/\/yogannmagazine.com\/ht\/wp-json\/wp\/v2\/types\/page"}],"author":[{"embeddable":true,"href":"https:\/\/yogannmagazine.com\/ht\/wp-json\/wp\/v2\/users\/1"}],"replies":[{"embeddable":true,"href":"https:\/\/yogannmagazine.com\/ht\/wp-json\/wp\/v2\/comments?post=2196"}],"version-history":[{"count":5,"href":"https:\/\/yogannmagazine.com\/ht\/wp-json\/wp\/v2\/pages\/2196\/revisions"}],"predecessor-version":[{"id":2201,"href":"https:\/\/yogannmagazine.com\/ht\/wp-json\/wp\/v2\/pages\/2196\/revisions\/2201"}],"wp:attachment":[{"href":"https:\/\/yogannmagazine.com\/ht\/wp-json\/wp\/v2\/media?parent=2196"}],"curies":[{"name":"wp","href":"https:\/\/api.w.org\/{rel}","templated":true}]}}